{"id":199,"date":"2018-02-28T07:02:35","date_gmt":"2018-02-28T07:02:35","guid":{"rendered":"http:\/\/offshorethemes.com\/demo\/sparkconstruction\/?page_id=199"},"modified":"2022-04-22T17:05:46","modified_gmt":"2022-04-22T17:05:46","slug":"about","status":"publish","type":"page","link":"https:\/\/test.tariana.vn\/?page_id=199","title":{"rendered":"GI\u1edaI THI\u1ec6U"},"content":{"rendered":"\n<p><\/p>\n\n\n\n<p><\/p>\n\n\n\n<p><\/p>\n\n\n\n<p class=\"has-large-font-size\"><strong>C\u00d4NG TY<\/strong><\/p>\n\n\n\n<ul class=\"wp-block-list\"><li><a href=\"https:\/\/linkedin.com\">. T\u00ean c\u00f4ng ty : C\u00d4NG TY TNHH TARIANA \u0110\u00c0 L\u1ea0T <\/a><\/li><li><a href=\"https:\/\/linkedin.com\">. Vi\u1ebft t\u1eaft : TARIANA CO.,LTD <\/a><\/li><li><a href=\"https:\/\/linkedin.com\">. M\u00e3 s\u1ed1 doanh nghi\u1ec7p: 5801455417 <\/a><\/li><li><a href=\"https:\/\/linkedin.com\">. V\u0103n ph\u00f2ng : 369 Hai B\u00e0 Tr\u01b0ng, ph\u01b0\u1eddng 6, \u0110\u00e0 L\u1ea1t<\/a><\/li><\/ul>\n\n\n\n<p>\u0110\u01b0\u1ee3c th\u00e0nh l\u1eadp n\u0103m 2021, c\u00f9ng v\u1edbi s\u1ef1 c\u1ed9ng t\u00e1c c\u00f9ng c\u00e1c c\u00f4ng ty h\u00e0ng \u0111\u1ea7u<br>c\u00f3 b\u1ec1 d\u00e0y kinh nghi\u1ec7m trong c\u00e1c l\u0129nh v\u1ef1c thi\u1ebft k\u1ebf ki\u1ebfn tr\u00fac, quy ho\u1ea1ch,<br>thi\u1ebft k\u1ebf n\u1ed9i th\u1ea5t v\u00e0 ki\u1ec3u d\u00e1ng c\u00f4ng nghi\u1ec7p Vi\u1ec7t Nam, Tariana c\u00f3 th\u1ec3 \u0111\u00e1p \u1ee9ng<br>m\u1ecdi nhu c\u1ea7u c\u1ee7a kh\u00e1ch h\u00e0ng v\u1edbi c\u00e1c d\u1ecbch v\u1ee5 sau<br>. Thi\u1ebft k\u1ebf ki\u1ebfn tr\u00fac v\u00e0 quy ho\u1ea1ch c\u1ea3nh quan \u0111\u00f4 th\u1ecb.<br>. Thi\u1ebft k\u1ebf n\u1ed9i th\u1ea5t.<br>. Thi\u1ebft k\u1ebf s\u1ea3n ph\u1ea9m c\u00f4ng nghi\u1ec7p.<\/p>\n\n\n\n<p class=\"has-large-font-size\"><strong>M\u1ee5c ti\u00eau<\/strong><\/p>\n\n\n\n<p>C\u00e1c ph\u01b0\u01a1ng \u00e1n thi\u1ebft k\u1ebf c\u1ee7a Tariana \u0111\u1ec1u tu\u00e2n th\u1ee7 theo nguy\u00ean t\u1eafc ch\u1ea5t l\u01b0\u1ee3ng h\u00e0ng \u0111\u1ea7u. Ch\u00fang t\u00f4i lu\u00f4n th\u1ea5y r\u1eb1ng nh\u1eefng c\u00f4ng tr\u00ecnh xung quanh ch\u00fang ta \u0111\u00e3 v\u00e0 \u0111ang t\u00e1c \u0111\u1ed9ng tr\u1ef1c ti\u1ebfp \u0111\u1ebfn ch\u1ea5t l\u01b0\u1ee3ng cu\u1ed9c s\u1ed1ng, cho d\u00f9 \u0111\u00f3 l\u00e0 v\u0103n ph\u00f2ng l\u00e0m vi\u1ec7c, nh\u00e0 \u1edf hay c\u00e1c kh\u00f4ng gian c\u00f4ng c\u1ed9ng kh\u00e1c. Nh\u1eefng c\u00f4ng tr\u00ecnh \u0111\u00f3 kh\u00f4ng h\u1ec1 \u0111\u1ee9ng \u0111\u1ed9c l\u1eadp m\u00e0 thu\u1ed9c m\u1ed9t t\u1ed5ng th\u1ec3 h\u00e0i h\u00f2a, v\u00e0 c\u00f3 kh\u1ea3 n\u0103ng g\u00f3p ph\u1ea7n n\u00e2ng cao \u0111\u01b0\u1ee3c gi\u00e1 tr\u1ecb cho ng\u01b0\u1eddi s\u1eed d\u1ee5ng. Ch\u00fang t\u00f4i lu\u00f4n quan t\u00e2m \u0111\u1ebfn c\u00e1c y\u1ebfu t\u1ed1 c\u00f3 th\u1ec3 c\u00f3 \u1ea3nh h\u01b0\u1edfng x\u1ea5u \u0111\u1ebfn v\u0103n h\u00f3a, m\u00f4i tr\u01b0\u1eddng hay kh\u00ed h\u1eadu c\u1ee7a ch\u00ednh kh\u00e1ch h\u00e0ng.<br>Trong t\u1eebng d\u1ef1 \u00e1n m\u1edbi, ch\u00fang t\u00f4i nhanh ch\u00f3ng n\u1eafm b\u1eaft \u0111\u01b0\u1ee3c c\u00e1c v\u1ea5n \u0111\u1ec1 li\u00ean quan \u0111\u1ebfn c\u00f4ng tr\u00ecnh c\u0169ng nh\u01b0 m\u1ee5c \u0111\u00edch s\u1eed d\u1ee5ng c\u1ee7a n\u00f3. Th\u00f4ng qua vi\u1ec7c l\u1eafng nghe v\u00e0 ph\u00e2n t\u00edch k\u1ef9 l\u01b0\u1ee1ng c\u00e1c y\u00eau c\u1ea7u c\u1ee7a kh\u00e1ch h\u00e0ng, ch\u00fang t\u00f4i c\u00f3 th\u1ec3 \u0111\u01b0a ra nh\u1eefng ph\u01b0\u01a1ng \u00e1n thi\u1ebft k\u1ebf \u0111\u1eb7c bi\u1ec7t nh\u1ea5t. C\u00f9ng v\u1edbi vi\u1ec7c s\u1eed d\u1ee5ng c\u00e1c ph\u01b0\u01a1ng ti\u1ec7n c\u00f4ng ngh\u1ec7 cao, kh\u00e1ch h\u00e0ng c\u00f3 th\u1ec3 nhanh ch\u00f3ng tham kh\u1ea3o c\u00e1c \u00fd t\u01b0\u1edfng \u0111\u01b0\u1ee3c h\u00ecnh th\u00e0nh t\u1eeb s\u01a1 b\u1ed9 \u0111\u1ebfn chi ti\u1ebft. \u0110\u00e2y lu\u00f4n l\u00e0 n\u1ec1n t\u1ea3ng cho Tariana x\u00e2y d\u1ef1ng m\u1ed9t t\u01b0\u01a1ng lai b\u1ec1n v\u1eefng cho t\u1ea5t c\u1ea3 ch\u00fang ta.<\/p>\n","protected":false},"excerpt":{"rendered":"<p>C\u00d4NG TY . T\u00ean c\u00f4ng ty : C\u00d4NG TY TNHH TARIANA \u0110\u00c0 L\u1ea0T . Vi\u1ebft t\u1eaft : TARIANA CO.,LTD . M\u00e3 s\u1ed1 doanh nghi\u1ec7p: 5801455417 . V\u0103n ph\u00f2ng : 369 Hai B\u00e0 Tr\u01b0ng, ph\u01b0\u1eddng 6, \u0110\u00e0 L\u1ea1t \u0110\u01b0\u1ee3c th\u00e0nh l\u1eadp n\u0103m 2021, c\u00f9ng v\u1edbi s\u1ef1 c\u1ed9ng t\u00e1c c\u00f9ng c\u00e1c c\u00f4ng&hellip;<\/p>\n","protected":false},"author":1,"featured_media":0,"parent":0,"menu_order":0,"comment_status":"closed","ping_status":"closed","template":"template-pagebuilder.php","meta":{"footnotes":""},"class_list":["post-199","page","type-page","status-publish","hentry"],"_links":{"self":[{"href":"https:\/\/test.tariana.vn\/index.php?rest_route=\/wp\/v2\/pages\/199","targetHints":{"allow":["GET"]}}],"collection":[{"href":"https:\/\/test.tariana.vn\/index.php?rest_route=\/wp\/v2\/pages"}],"about":[{"href":"https:\/\/test.tariana.vn\/index.php?rest_route=\/wp\/v2\/types\/page"}],"author":[{"embeddable":true,"href":"https:\/\/test.tariana.vn\/index.php?rest_route=\/wp\/v2\/users\/1"}],"replies":[{"embeddable":true,"href":"https:\/\/test.tariana.vn\/index.php?rest_route=%2Fwp%2Fv2%2Fcomments&post=199"}],"version-history":[{"count":4,"href":"https:\/\/test.tariana.vn\/index.php?rest_route=\/wp\/v2\/pages\/199\/revisions"}],"predecessor-version":[{"id":1112,"href":"https:\/\/test.tariana.vn\/index.php?rest_route=\/wp\/v2\/pages\/199\/revisions\/1112"}],"wp:attachment":[{"href":"https:\/\/test.tariana.vn\/index.php?rest_route=%2Fwp%2Fv2%2Fmedia&parent=199"}],"curies":[{"name":"wp","href":"https:\/\/api.w.org\/{rel}","templated":true}]}}